{"id":3909,"date":"2019-01-30T09:39:43","date_gmt":"2019-01-30T08:39:43","guid":{"rendered":"https:\/\/www.natixispartners.be\/home\/"},"modified":"2025-04-03T09:14:23","modified_gmt":"2025-04-03T07:14:23","slug":"home","status":"publish","type":"page","link":"https:\/\/www.natixispartners.be\/fr\/","title":{"rendered":"Qui sommes-nous ?"},"content":{"rendered":"\n<div class=\"wp-block-group\"><div class=\"wp-block-group__inner-container is-layout-constrained wp-block-group-is-layout-constrained\"><div class=\"wp-block-image\">\n<figure class=\"alignright size-large is-resized\"><img loading=\"lazy\" decoding=\"async\" width=\"512\" height=\"354\" src=\"https:\/\/www.natixispartners.be\/wp-content\/uploads\/2025\/03\/Glaverbel2-512x354.jpg\" alt=\"\" class=\"wp-image-3303\" style=\"width:584px;height:auto\" srcset=\"https:\/\/www.natixispartners.be\/wp-content\/uploads\/2025\/03\/Glaverbel2-512x354.jpg 512w, https:\/\/www.natixispartners.be\/wp-content\/uploads\/2025\/03\/Glaverbel2-250x173.jpg 250w, https:\/\/www.natixispartners.be\/wp-content\/uploads\/2025\/03\/Glaverbel2-768x531.jpg 768w, https:\/\/www.natixispartners.be\/wp-content\/uploads\/2025\/03\/Glaverbel2.jpg 881w\" sizes=\"auto, (max-width: 512px) 100vw, 512px\" \/><\/figure>\n<\/div>\n\n\n<p>Natixis Partners Belgium est la filiale de Natixis d\u00e9di\u00e9e au Conseil en Fusions-Acquisitions en Belgique. La soci\u00e9t\u00e9 offre une expertise unique en alliant ind\u00e9pendance totale dans l&rsquo;ex\u00e9cution de ses missions et la puissance d&rsquo;une institution financi\u00e8re de premier plan.<\/p>\n\n\n\n<p>Fond\u00e9e en 2016 par des associ\u00e9s qui collaborent depuis plus de 15 ans, la soci\u00e9t\u00e9 est anim\u00e9e par un fort esprit entrepreneurial. Ces associ\u00e9s s&rsquo;engagent personnellement dans chaque \u00e9tape du processus des op\u00e9rations qu&rsquo;ils accompagnent.<\/p>\n\n\n\n<p>L\u2019\u00e9quipe belge met \u00e0 la disposition de ses clients une expertise largement reconnue sur le march\u00e9 des Fusions-Acquisitions, couvrant tous types d&rsquo;op\u00e9rations. Forte d\u2019une exp\u00e9rience cumulative de plus de 200 transactions, elle conseille en moyenne 20 op\u00e9rations par an, assurant ainsi un service de qualit\u00e9 \u00e0 chaque mission.<\/p>\n<\/div><\/div>\n\n\n\n<div style=\"height:50px\" aria-hidden=\"true\" class=\"wp-block-spacer\"><\/div>\n\n\n\n<h2 class=\"wp-block-heading has-text-align-center\">Derni\u00e8res transactions en Belgique<\/h2>\n\n\n    <div class=\"list-grid transaction-grid\">\n        <div class=\"grid-four-item transaction-grid-col sld_in_animate\">\n        <div class=\"transaction-box-cont\">\n            <div class=\"transaction-box-df\"> \n            <p class=\"sub-title\">\n                            <\/p>\t\n            <img decoding=\"async\" src=\"https:\/\/www.natixispartners.be\/wp-content\/uploads\/2026\/04\/Elia-REg-2026.png\" \/>            <p class=\"transaction-year\">\n                2026            <\/p>\n            <\/div><!-- transaction-box-df --> \n\n            \t\n            <a href=\"https:\/\/www.natixispartners.be\/fr\/transaction\/elia-regulatory-advisory-2\/\" target=\"_self\">\n                <div class=\"transaction-box-frnt\"> \n                <p>Elia Transmission Belgium (ETB) is the Belgian high-voltage transmission system operator, managing the 30 kV to 380 kV grid and operating more than 9,000 km of overhead lines and underground cables across the country. Natixis Partners was mandated by ETB to support its negotiations with [&hellip;]<\/p>\n\t\n                        \n            <\/div><!-- transaction-box-frnt --> \n            <\/a>\n            \n            <a href=\"https:\/\/www.natixispartners.be\/fr\/transaction\/elia-regulatory-advisory-2\/\" target=\"_self\"><span class=\"read-more\">Read more<\/span><\/a>\t\n        <\/div> <!-- transaction-box-cont -->\n    <\/div> <!-- grid col --> \n      <div class=\"grid-four-item transaction-grid-col sld_in_animate\">\n        <div class=\"transaction-box-cont\">\n            <div class=\"transaction-box-df\"> \n            <p class=\"sub-title\">\n                            <\/p>\t\n            <img decoding=\"async\" src=\"https:\/\/www.natixispartners.be\/wp-content\/uploads\/2026\/02\/ESG-WEE.png\" \/>            <p class=\"transaction-year\">\n                2026            <\/p>\n            <\/div><!-- transaction-box-df --> \n\n            \t\n            <a href=\"https:\/\/www.natixispartners.be\/fr\/transaction\/wallonie-entreprendre-debt-advisory-2\/\" target=\"_self\">\n                <div class=\"transaction-box-frnt\"> \n                <p>Natixis Partners was mandated by Wallonie Entreprendre to advise on a subordinated debt financing for a BESS project, in Auvelais, Wallonia. The transaction included a \u20ac14m junior debt investment from Wallonie Entreprendre, alongside approximately \u20ac50m of senior debt financing. The Auvelais BESS project, developed by [&hellip;]<\/p>\n\t\n                        \n            <\/div><!-- transaction-box-frnt --> \n            <\/a>\n            \n            <a href=\"https:\/\/www.natixispartners.be\/fr\/transaction\/wallonie-entreprendre-debt-advisory-2\/\" target=\"_self\"><span class=\"read-more\">Read more<\/span><\/a>\t\n        <\/div> <!-- transaction-box-cont -->\n    <\/div> <!-- grid col --> \n      <div class=\"grid-four-item transaction-grid-col sld_in_animate\">\n        <div class=\"transaction-box-cont\">\n            <div class=\"transaction-box-df\"> \n            <p class=\"sub-title\">\n                            <\/p>\t\n            <img decoding=\"async\" src=\"https:\/\/www.natixispartners.be\/wp-content\/uploads\/2026\/02\/Star-nexo.png\" \/>            <p class=\"transaction-year\">\n                2026            <\/p>\n            <\/div><!-- transaction-box-df --> \n\n            \t\n            <a href=\"https:\/\/www.natixispartners.be\/fr\/transaction\/starion-nexova-ma-advisory\/\" target=\"_self\">\n                <div class=\"transaction-box-frnt\"> \n                <p>Starion and Nexova, two companies created following the partial demerger of RHEA (In April 2024), are being sold at 100% to Sopra Steria, technology company headquartered in Paris. Starion is an engineering company specializing in systems engineering for the space, defence, and critical infrastructure sectors. [&hellip;]<\/p>\n\t\n                        \n            <\/div><!-- transaction-box-frnt --> \n            <\/a>\n            \n            <a href=\"https:\/\/www.natixispartners.be\/fr\/transaction\/starion-nexova-ma-advisory\/\" target=\"_self\"><span class=\"read-more\">Read more<\/span><\/a>\t\n        <\/div> <!-- transaction-box-cont -->\n    <\/div> <!-- grid col --> \n      <div class=\"grid-four-item transaction-grid-col sld_in_animate\">\n        <div class=\"transaction-box-cont\">\n            <div class=\"transaction-box-df\"> \n            <p class=\"sub-title\">\n                            <\/p>\t\n            <img decoding=\"async\" src=\"https:\/\/www.natixispartners.be\/wp-content\/uploads\/2026\/03\/Tournesol-vF.png\" \/>            <p class=\"transaction-year\">\n                2026            <\/p>\n            <\/div><!-- transaction-box-df --> \n\n            \t\n            <a href=\"https:\/\/www.natixispartners.be\/fr\/transaction\/solar-pv-portfolio-ma-advisory\/\" target=\"_self\">\n                <div class=\"transaction-box-frnt\"> \n                <p>Joulz, a portfolio company of 3i Infrastructure, has acquired Sun4Business. Sun4Business is one of the few Belgian players exclusively focused on the commercial and industrial (C&amp;I) solar segment, with a portfolio comprising 112 MWp of operational, ready-to-build and under-construction installations, including rooftop, carport and ground-mounted [&hellip;]<\/p>\n\t\n                        \n            <\/div><!-- transaction-box-frnt --> \n            <\/a>\n            \n            <a href=\"https:\/\/www.natixispartners.be\/fr\/transaction\/solar-pv-portfolio-ma-advisory\/\" target=\"_self\"><span class=\"read-more\">Read more<\/span><\/a>\t\n        <\/div> <!-- transaction-box-cont -->\n    <\/div> <!-- grid col --> \n    \n\n <\/div><!-- \/ list-grid -->  \n  \n","protected":false},"excerpt":{"rendered":"<p>Natixis Partners Belgium est la filiale de Natixis d\u00e9di\u00e9e au Conseil en Fusions-Acquisitions en Belgique. La soci\u00e9t\u00e9 offre une expertise unique en alliant ind\u00e9pendance totale dans l&rsquo;ex\u00e9cution de ses missions et la puissance d&rsquo;une institution financi\u00e8re de premier plan. Fond\u00e9e en 2016 par des associ\u00e9s [&hellip;]<\/p>\n","protected":false},"author":1,"featured_media":0,"parent":0,"menu_order":13,"comment_status":"closed","ping_status":"closed","template":"","meta":{"footnotes":""},"class_list":["post-3909","page","type-page","status-publish","hentry"],"_links":{"self":[{"href":"https:\/\/www.natixispartners.be\/fr\/wp-json\/wp\/v2\/pages\/3909","targetHints":{"allow":["GET"]}}],"collection":[{"href":"https:\/\/www.natixispartners.be\/fr\/wp-json\/wp\/v2\/pages"}],"about":[{"href":"https:\/\/www.natixispartners.be\/fr\/wp-json\/wp\/v2\/types\/page"}],"author":[{"embeddable":true,"href":"https:\/\/www.natixispartners.be\/fr\/wp-json\/wp\/v2\/users\/1"}],"replies":[{"embeddable":true,"href":"https:\/\/www.natixispartners.be\/fr\/wp-json\/wp\/v2\/comments?post=3909"}],"version-history":[{"count":4,"href":"https:\/\/www.natixispartners.be\/fr\/wp-json\/wp\/v2\/pages\/3909\/revisions"}],"predecessor-version":[{"id":4044,"href":"https:\/\/www.natixispartners.be\/fr\/wp-json\/wp\/v2\/pages\/3909\/revisions\/4044"}],"wp:attachment":[{"href":"https:\/\/www.natixispartners.be\/fr\/wp-json\/wp\/v2\/media?parent=3909"}],"curies":[{"name":"wp","href":"https:\/\/api.w.org\/{rel}","templated":true}]}}