{"id":3956,"date":"2025-01-06T10:20:32","date_gmt":"2025-01-06T09:20:32","guid":{"rendered":"https:\/\/www.natixispartners.be\/network\/"},"modified":"2025-04-03T11:29:49","modified_gmt":"2025-04-03T09:29:49","slug":"network","status":"publish","type":"page","link":"https:\/\/www.natixispartners.be\/fr\/network\/","title":{"rendered":"Une port\u00e9e mondiale"},"content":{"rendered":"\n<h2 class=\"wp-block-heading has-text-align-center\">Notre r\u00e9seau<\/h2>\n\n\n\n<p class=\"has-text-align-center\">\u200bNatixis Partners fait partie de Natixis Corporate &amp; Investment Banking, la branche mondiale du Groupe BPCE, <br>le deuxi\u00e8me plus grand groupe bancaire en France.<\/p>\n\n\n\n<div style=\"height:42px\" aria-hidden=\"true\" class=\"wp-block-spacer\"><\/div>\n\n\n    <div  class=\"list-grid keyfig-grid\">\r\n                <div class=\"grid-keyfig-item sld_in_animate\">\r\n                <div class=\"keyfg-pic\">        \t\r\n                                        <img loading=\"lazy\" decoding=\"async\" width=\"50\" height=\"40\" src=\"https:\/\/www.natixispartners.be\/wp-content\/uploads\/2025\/03\/01-4.png\" class=\"attachment-thubnail size-thubnail wp-post-image\" alt=\"\" \/>                                <\/div>\r\n            <div class=\"keyfig-box\">\n<p><strong>BPCE, le 2e<\/strong> plus grand groupe bancaire en France<\/p>\n<\/div>     \r\n            \r\n        <\/div>\r\n                <div class=\"grid-keyfig-item sld_in_animate\">\r\n                <div class=\"keyfg-pic\">        \t\r\n                                        <img loading=\"lazy\" decoding=\"async\" width=\"50\" height=\"40\" src=\"https:\/\/www.natixispartners.be\/wp-content\/uploads\/2025\/03\/02.png\" class=\"attachment-thubnail size-thubnail wp-post-image\" alt=\"\" \/>                                <\/div>\r\n            <div class=\"keyfig-box\">\n<p><strong>BPCE <\/strong>emploie plus de 100 000 personnes<\/p>\n\n\n\n<p><\/p>\n<\/div>     \r\n            \r\n        <\/div>\r\n                <div class=\"grid-keyfig-item sld_in_animate\">\r\n                <div class=\"keyfg-pic\">        \t\r\n                                        <img loading=\"lazy\" decoding=\"async\" width=\"50\" height=\"40\" src=\"https:\/\/www.natixispartners.be\/wp-content\/uploads\/2025\/03\/01-2.png\" class=\"attachment-thubnail size-thubnail wp-post-image\" alt=\"\" \/>                                <\/div>\r\n            <div class=\"keyfig-box\">\n<p><strong>Global Financial Services <\/strong>emploie plus de 10 000 personnes<\/p>\n<\/div>     \r\n            \r\n        <\/div>\r\n                <div class=\"grid-keyfig-item sld_in_animate\">\r\n                <div class=\"keyfg-pic\">        \t\r\n                                        <img loading=\"lazy\" decoding=\"async\" width=\"50\" height=\"40\" src=\"https:\/\/www.natixispartners.be\/wp-content\/uploads\/2025\/03\/kf.png\" class=\"attachment-thubnail size-thubnail wp-post-image\" alt=\"\" \/>                                <\/div>\r\n            <div class=\"keyfig-box\">\n<p>Pr\u00e9sence dans <strong>40 pays<\/strong><\/p>\n<\/div>     \r\n            \r\n        <\/div>\r\n                <div class=\"grid-keyfig-item sld_in_animate\">\r\n                <div class=\"keyfg-pic\">        \t\r\n                                        <img loading=\"lazy\" decoding=\"async\" width=\"50\" height=\"40\" src=\"https:\/\/www.natixispartners.be\/wp-content\/uploads\/2025\/03\/04.png\" class=\"attachment-thubnail size-thubnail wp-post-image\" alt=\"\" \/>                                <\/div>\r\n            <div class=\"keyfig-box\">\n<p><strong>35 millions<\/strong> de clients<\/p>\n<\/div>     \r\n            \r\n        <\/div>\r\n                <div class=\"grid-keyfig-item sld_in_animate\">\r\n                <div class=\"keyfg-pic\">        \t\r\n                                        <img loading=\"lazy\" decoding=\"async\" width=\"50\" height=\"40\" src=\"https:\/\/www.natixispartners.be\/wp-content\/uploads\/2025\/03\/01-5.png\" class=\"attachment-thubnail size-thubnail wp-post-image\" alt=\"\" \/>                                <\/div>\r\n            <div class=\"keyfig-box\">\n<p><strong>66 %<\/strong> des revenus g\u00e9n\u00e9r\u00e9s hors de France<\/p>\n<\/div>     \r\n            \r\n        <\/div>\r\n            <\/div>\r\n    \n\n\n\n<div style=\"height:47px\" aria-hidden=\"true\" class=\"wp-block-spacer\"><\/div>\n\n\n\n<p class=\"has-text-align-center\">\u200bLe r\u00e9seau M&amp;A de Natixis Partners regroupe plus de 500 professionnels r\u00e9partis \u00e0 travers l&rsquo;Europe, les \u00c9tats-Unis, l&rsquo;Asie et l&rsquo;Australie.<\/p>\n\n\n\n<div style=\"height:19px\" aria-hidden=\"true\" class=\"wp-block-spacer\"><\/div>\n\n\n\n<figure class=\"wp-block-image size-full\"><img loading=\"lazy\" decoding=\"async\" width=\"1433\" height=\"761\" src=\"https:\/\/www.natixispartners.be\/wp-content\/uploads\/2025\/02\/map.png\" alt=\"\" class=\"wp-image-3047\" srcset=\"https:\/\/www.natixispartners.be\/wp-content\/uploads\/2025\/02\/map.png 1433w, https:\/\/www.natixispartners.be\/wp-content\/uploads\/2025\/02\/map-250x133.png 250w, https:\/\/www.natixispartners.be\/wp-content\/uploads\/2025\/02\/map-512x272.png 512w, https:\/\/www.natixispartners.be\/wp-content\/uploads\/2025\/02\/map-768x408.png 768w\" sizes=\"auto, (max-width: 1433px) 100vw, 1433px\" \/><\/figure>\n\n\n<div class=\"wp-block-image\">\n<figure class=\"aligncenter size-full\"><img loading=\"lazy\" decoding=\"async\" width=\"307\" height=\"61\" src=\"https:\/\/www.natixispartners.be\/wp-content\/uploads\/2025\/02\/01-3.png\" alt=\"\" class=\"wp-image-3053\" srcset=\"https:\/\/www.natixispartners.be\/wp-content\/uploads\/2025\/02\/01-3.png 307w, https:\/\/www.natixispartners.be\/wp-content\/uploads\/2025\/02\/01-3-250x50.png 250w\" sizes=\"auto, (max-width: 307px) 100vw, 307px\" \/><\/figure>\n<\/div>\n\n\n<div style=\"height:19px\" aria-hidden=\"true\" class=\"wp-block-spacer\"><\/div>\n\n\n\n<p class=\"has-text-align-center\"><\/p>\n\n\n    <div  class=\"list-grid office-grid\">\r\n                <div class=\"grid-office-item sld_in_animate\">\r\n                        <a href=\"https:\/\/www.natixispartners.com\">\r\n                \r\n            <div class=\"thumb\">        \t\r\n                                        <img loading=\"lazy\" decoding=\"async\" width=\"400\" height=\"400\" src=\"https:\/\/www.natixispartners.be\/wp-content\/uploads\/2025\/02\/01-400x400.png\" class=\"attachment-square size-square wp-post-image\" alt=\"Natixis Partners\" srcset=\"https:\/\/www.natixispartners.be\/wp-content\/uploads\/2025\/02\/01-400x400.png 400w, https:\/\/www.natixispartners.be\/wp-content\/uploads\/2025\/02\/01-250x250.png 250w, https:\/\/www.natixispartners.be\/wp-content\/uploads\/2025\/02\/01-75x75.png 75w, https:\/\/www.natixispartners.be\/wp-content\/uploads\/2025\/02\/01-60x60.png 60w, https:\/\/www.natixispartners.be\/wp-content\/uploads\/2025\/02\/01-120x120.png 120w, https:\/\/www.natixispartners.be\/wp-content\/uploads\/2025\/02\/01-300x300.png 300w, https:\/\/www.natixispartners.be\/wp-content\/uploads\/2025\/02\/01.png 507w\" sizes=\"auto, (max-width: 400px) 100vw, 400px\" \/>                                   \r\n            <\/div>       \r\n                        <\/a>\r\n                \r\n        <\/div>\r\n                <div class=\"grid-office-item sld_in_animate\">\r\n                        <a href=\"https:\/\/www.clipperton.net\/\">\r\n                \r\n            <div class=\"thumb\">        \t\r\n                                        <img loading=\"lazy\" decoding=\"async\" width=\"400\" height=\"400\" src=\"https:\/\/www.natixispartners.be\/wp-content\/uploads\/2025\/01\/logo-clipperton1-400x400.png\" class=\"attachment-square size-square wp-post-image\" alt=\"Clipperton\" srcset=\"https:\/\/www.natixispartners.be\/wp-content\/uploads\/2025\/01\/logo-clipperton1-400x400.png 400w, https:\/\/www.natixispartners.be\/wp-content\/uploads\/2025\/01\/logo-clipperton1-120x120.png 120w, https:\/\/www.natixispartners.be\/wp-content\/uploads\/2025\/01\/logo-clipperton1-75x75.png 75w, https:\/\/www.natixispartners.be\/wp-content\/uploads\/2025\/01\/logo-clipperton1-250x250.png 250w, https:\/\/www.natixispartners.be\/wp-content\/uploads\/2025\/01\/logo-clipperton1-300x300.png 300w, https:\/\/www.natixispartners.be\/wp-content\/uploads\/2025\/01\/logo-clipperton1-60x60.png 60w, https:\/\/www.natixispartners.be\/wp-content\/uploads\/2025\/01\/logo-clipperton1.png 507w\" sizes=\"auto, (max-width: 400px) 100vw, 400px\" \/>                                   \r\n            <\/div>       \r\n                        <\/a>\r\n                \r\n        <\/div>\r\n                <div class=\"grid-office-item sld_in_animate\">\r\n                        <a href=\"https:\/\/www.pjsolomon.com\/\">\r\n                \r\n            <div class=\"thumb\">        \t\r\n                                        <img loading=\"lazy\" decoding=\"async\" width=\"400\" height=\"400\" src=\"https:\/\/www.natixispartners.be\/wp-content\/uploads\/2025\/01\/solomon-partners-logo1.png\" class=\"attachment-square size-square wp-post-image\" alt=\"Solomon\" srcset=\"https:\/\/www.natixispartners.be\/wp-content\/uploads\/2025\/01\/solomon-partners-logo1.png 400w, https:\/\/www.natixispartners.be\/wp-content\/uploads\/2025\/01\/solomon-partners-logo1-120x120.png 120w, https:\/\/www.natixispartners.be\/wp-content\/uploads\/2025\/01\/solomon-partners-logo1-75x75.png 75w, https:\/\/www.natixispartners.be\/wp-content\/uploads\/2025\/01\/solomon-partners-logo1-250x250.png 250w, https:\/\/www.natixispartners.be\/wp-content\/uploads\/2025\/01\/solomon-partners-logo1-300x300.png 300w, https:\/\/www.natixispartners.be\/wp-content\/uploads\/2025\/01\/solomon-partners-logo1-60x60.png 60w\" sizes=\"auto, (max-width: 400px) 100vw, 400px\" \/>                                   \r\n            <\/div>       \r\n                        <\/a>\r\n                \r\n        <\/div>\r\n                <div class=\"grid-office-item sld_in_animate\">\r\n                        <a href=\"https:\/\/fenchurchadvisory.com\/\">\r\n                \r\n            <div class=\"thumb\">        \t\r\n                                        <img loading=\"lazy\" decoding=\"async\" width=\"400\" height=\"400\" src=\"https:\/\/www.natixispartners.be\/wp-content\/uploads\/2025\/01\/logo_fenchurch-11-400x400.png\" class=\"attachment-square size-square wp-post-image\" alt=\"Fenchurch\" srcset=\"https:\/\/www.natixispartners.be\/wp-content\/uploads\/2025\/01\/logo_fenchurch-11-400x400.png 400w, https:\/\/www.natixispartners.be\/wp-content\/uploads\/2025\/01\/logo_fenchurch-11-250x250.png 250w, https:\/\/www.natixispartners.be\/wp-content\/uploads\/2025\/01\/logo_fenchurch-11-75x75.png 75w, https:\/\/www.natixispartners.be\/wp-content\/uploads\/2025\/01\/logo_fenchurch-11-120x120.png 120w, https:\/\/www.natixispartners.be\/wp-content\/uploads\/2025\/01\/logo_fenchurch-11-300x300.png 300w, https:\/\/www.natixispartners.be\/wp-content\/uploads\/2025\/01\/logo_fenchurch-11-200x200.png 200w, https:\/\/www.natixispartners.be\/wp-content\/uploads\/2025\/01\/logo_fenchurch-11-60x60.png 60w, https:\/\/www.natixispartners.be\/wp-content\/uploads\/2025\/01\/logo_fenchurch-11.png 507w\" sizes=\"auto, (max-width: 400px) 100vw, 400px\" \/>                                   \r\n            <\/div>       \r\n                        <\/a>\r\n                \r\n        <\/div>\r\n                <div class=\"grid-office-item sld_in_animate\">\r\n                        <a href=\"http:\/\/www.vermilion-partners.com\/\">\r\n                \r\n            <div class=\"thumb\">        \t\r\n                                        <img loading=\"lazy\" decoding=\"async\" width=\"400\" height=\"400\" src=\"https:\/\/www.natixispartners.be\/wp-content\/uploads\/2025\/01\/01.png\" class=\"attachment-square size-square wp-post-image\" alt=\"Vermilion\" srcset=\"https:\/\/www.natixispartners.be\/wp-content\/uploads\/2025\/01\/01.png 400w, https:\/\/www.natixispartners.be\/wp-content\/uploads\/2025\/01\/01-250x250.png 250w, https:\/\/www.natixispartners.be\/wp-content\/uploads\/2025\/01\/01-75x75.png 75w, https:\/\/www.natixispartners.be\/wp-content\/uploads\/2025\/01\/01-60x60.png 60w, https:\/\/www.natixispartners.be\/wp-content\/uploads\/2025\/01\/01-300x300.png 300w\" sizes=\"auto, (max-width: 400px) 100vw, 400px\" \/>                                   \r\n            <\/div>       \r\n                        <\/a>\r\n                \r\n        <\/div>\r\n                <div class=\"grid-office-item sld_in_animate\">\r\n                        <a href=\"http:\/\/www.azurecapital.com.au\/\">\r\n                \r\n            <div class=\"thumb\">        \t\r\n                                        <img loading=\"lazy\" decoding=\"async\" width=\"400\" height=\"400\" src=\"https:\/\/www.natixispartners.be\/wp-content\/uploads\/2025\/01\/azure-capital011-400x400.png\" class=\"attachment-square size-square wp-post-image\" alt=\"Azure Capital\" srcset=\"https:\/\/www.natixispartners.be\/wp-content\/uploads\/2025\/01\/azure-capital011-400x400.png 400w, https:\/\/www.natixispartners.be\/wp-content\/uploads\/2025\/01\/azure-capital011-120x120.png 120w, https:\/\/www.natixispartners.be\/wp-content\/uploads\/2025\/01\/azure-capital011-75x75.png 75w, https:\/\/www.natixispartners.be\/wp-content\/uploads\/2025\/01\/azure-capital011-250x250.png 250w, https:\/\/www.natixispartners.be\/wp-content\/uploads\/2025\/01\/azure-capital011-300x300.png 300w, https:\/\/www.natixispartners.be\/wp-content\/uploads\/2025\/01\/azure-capital011-60x60.png 60w, https:\/\/www.natixispartners.be\/wp-content\/uploads\/2025\/01\/azure-capital011.png 507w\" sizes=\"auto, (max-width: 400px) 100vw, 400px\" \/>                                   \r\n            <\/div>       \r\n                        <\/a>\r\n                \r\n        <\/div>\r\n                <div class=\"grid-office-item sld_in_animate\">\r\n                        <a href=\"https:\/\/www.natixispartners.es\/\">\r\n                \r\n            <div class=\"thumb\">        \t\r\n                                        <img loading=\"lazy\" decoding=\"async\" width=\"400\" height=\"400\" src=\"https:\/\/www.natixispartners.be\/wp-content\/uploads\/2025\/01\/natixis-partners-iberia1-400x400.png\" class=\"attachment-square size-square wp-post-image\" alt=\"Natixis Partners IBERIA\" srcset=\"https:\/\/www.natixispartners.be\/wp-content\/uploads\/2025\/01\/natixis-partners-iberia1-400x400.png 400w, https:\/\/www.natixispartners.be\/wp-content\/uploads\/2025\/01\/natixis-partners-iberia1-120x120.png 120w, https:\/\/www.natixispartners.be\/wp-content\/uploads\/2025\/01\/natixis-partners-iberia1-75x75.png 75w, https:\/\/www.natixispartners.be\/wp-content\/uploads\/2025\/01\/natixis-partners-iberia1-250x250.png 250w, https:\/\/www.natixispartners.be\/wp-content\/uploads\/2025\/01\/natixis-partners-iberia1-300x300.png 300w, https:\/\/www.natixispartners.be\/wp-content\/uploads\/2025\/01\/natixis-partners-iberia1-60x60.png 60w, https:\/\/www.natixispartners.be\/wp-content\/uploads\/2025\/01\/natixis-partners-iberia1.png 507w\" sizes=\"auto, (max-width: 400px) 100vw, 400px\" \/>                                   \r\n            <\/div>       \r\n                        <\/a>\r\n                \r\n        <\/div>\r\n                <div class=\"grid-office-item sld_in_animate\">\r\n                        <a href=\"https:\/\/www.emendocapital.com\/\">\r\n                \r\n            <div class=\"thumb\">        \t\r\n                                        <img loading=\"lazy\" decoding=\"async\" width=\"400\" height=\"400\" src=\"https:\/\/www.natixispartners.be\/wp-content\/uploads\/2025\/02\/01-1-400x400.png\" class=\"attachment-square size-square wp-post-image\" alt=\"EMENDO CAPITAL\" srcset=\"https:\/\/www.natixispartners.be\/wp-content\/uploads\/2025\/02\/01-1-400x400.png 400w, https:\/\/www.natixispartners.be\/wp-content\/uploads\/2025\/02\/01-1-250x250.png 250w, https:\/\/www.natixispartners.be\/wp-content\/uploads\/2025\/02\/01-1-75x75.png 75w, https:\/\/www.natixispartners.be\/wp-content\/uploads\/2025\/02\/01-1-60x60.png 60w, https:\/\/www.natixispartners.be\/wp-content\/uploads\/2025\/02\/01-1-120x120.png 120w, https:\/\/www.natixispartners.be\/wp-content\/uploads\/2025\/02\/01-1-300x300.png 300w, https:\/\/www.natixispartners.be\/wp-content\/uploads\/2025\/02\/01-1.png 507w\" sizes=\"auto, (max-width: 400px) 100vw, 400px\" \/>                                   \r\n            <\/div>       \r\n                        <\/a>\r\n                \r\n        <\/div>\r\n                <div class=\"grid-office-item sld_in_animate\">\r\n                        <a href=\"https:\/\/financieredecourcelles.fr\/\">\r\n                \r\n            <div class=\"thumb\">        \t\r\n                                        <img loading=\"lazy\" decoding=\"async\" width=\"200\" height=\"200\" src=\"https:\/\/www.natixispartners.be\/wp-content\/uploads\/2025\/02\/financi_re_de_courcelles_logo.jpeg\" class=\"attachment-square size-square wp-post-image\" alt=\"Financi\u00e8res de Courcelles\" srcset=\"https:\/\/www.natixispartners.be\/wp-content\/uploads\/2025\/02\/financi_re_de_courcelles_logo.jpeg 200w, https:\/\/www.natixispartners.be\/wp-content\/uploads\/2025\/02\/financi_re_de_courcelles_logo-75x75.jpeg 75w, https:\/\/www.natixispartners.be\/wp-content\/uploads\/2025\/02\/financi_re_de_courcelles_logo-60x60.jpeg 60w, https:\/\/www.natixispartners.be\/wp-content\/uploads\/2025\/02\/financi_re_de_courcelles_logo-120x120.jpeg 120w\" sizes=\"auto, (max-width: 200px) 100vw, 200px\" \/>                                   \r\n            <\/div>       \r\n                        <\/a>\r\n                \r\n        <\/div>\r\n            <\/div>\r\n    \n","protected":false},"excerpt":{"rendered":"<p>Notre r\u00e9seau \u200bNatixis Partners fait partie de Natixis Corporate &amp; Investment Banking, la branche mondiale du Groupe BPCE, le deuxi\u00e8me plus grand groupe bancaire en France. \u200bLe r\u00e9seau M&amp;A de Natixis Partners regroupe plus de 500 professionnels [&hellip;]<\/p>\n","protected":false},"author":2,"featured_media":0,"parent":0,"menu_order":7,"comment_status":"closed","ping_status":"closed","template":"","meta":{"footnotes":""},"class_list":["post-3956","page","type-page","status-publish","hentry"],"_links":{"self":[{"href":"https:\/\/www.natixispartners.be\/fr\/wp-json\/wp\/v2\/pages\/3956","targetHints":{"allow":["GET"]}}],"collection":[{"href":"https:\/\/www.natixispartners.be\/fr\/wp-json\/wp\/v2\/pages"}],"about":[{"href":"https:\/\/www.natixispartners.be\/fr\/wp-json\/wp\/v2\/types\/page"}],"author":[{"embeddable":true,"href":"https:\/\/www.natixispartners.be\/fr\/wp-json\/wp\/v2\/users\/2"}],"replies":[{"embeddable":true,"href":"https:\/\/www.natixispartners.be\/fr\/wp-json\/wp\/v2\/comments?post=3956"}],"version-history":[{"count":6,"href":"https:\/\/www.natixispartners.be\/fr\/wp-json\/wp\/v2\/pages\/3956\/revisions"}],"predecessor-version":[{"id":4053,"href":"https:\/\/www.natixispartners.be\/fr\/wp-json\/wp\/v2\/pages\/3956\/revisions\/4053"}],"wp:attachment":[{"href":"https:\/\/www.natixispartners.be\/fr\/wp-json\/wp\/v2\/media?parent=3956"}],"curies":[{"name":"wp","href":"https:\/\/api.w.org\/{rel}","templated":true}]}}