{"id":3974,"date":"2025-01-07T12:43:05","date_gmt":"2025-01-07T11:43:05","guid":{"rendered":"https:\/\/www.natixispartners.be\/jobs\/"},"modified":"2025-03-26T12:15:39","modified_gmt":"2025-03-26T11:15:39","slug":"jobs","status":"publish","type":"page","link":"https:\/\/www.natixispartners.be\/fr\/jobs\/","title":{"rendered":"Carri\u00e8res"},"content":{"rendered":"\n<h2 class=\"wp-block-heading has-text-align-center\">Envie de nous rejoindre ?<\/h2>\n\n\n\n<p>Dans le cadre de notre croissance, nous cherchons \u00e0 recruter des professionnels en fusions et acquisitions avec 2 \u00e0 7 ans d&rsquo;exp\u00e9rience, ainsi que des stagiaires (pour une dur\u00e9e minimale de 4 mois) pour nous assister dans divers projets financiers.<\/p>\n\n\n\n<div style=\"height:50px\" aria-hidden=\"true\" class=\"wp-block-spacer\"><\/div>\n\n\n    <div class=\"list-grid jobs-grid\">\n    \n    <div class=\"grid-four-item jobs-grid-col sld_in_animate\">\n                <div class=\"jobs-box\">  \n                    <a href=\"https:\/\/www.natixispartners.be\/fr\/job\/ma-intern\/\">                  \n                        <div class=\"jobs-content\">\n                             \n                            <p class=\"job-type\">Stage<\/p>\n                            <h3>Stage en M&amp;A<\/h3>\n                            <div><p>Natixis Partners Belgium est un cabinet de conseil en Fusions &amp; Acquisitions de premier plan en Belgique. Nous conseillons de [&hellip;]<\/p>\n<\/div>\n                            <p class=\"jobs-btn-holder\"><span class=\"job-link\">Postuler<\/span><\/p>                                \n                        <\/div><!-- jobs-content --> \n                    <\/a>    \n                <\/div> <!-- job-box -->                   \n    <\/div><!-- \/ grid-four -->  \n\n\n    <div class=\"grid-four-item jobs-grid-col sld_in_animate\">\n                <div class=\"jobs-box\">  \n                    <a href=\"https:\/\/www.natixispartners.be\/fr\/job\/ma-associate\/\">                  \n                        <div class=\"jobs-content\">\n                             \n                            <p class=\"job-type\">Associate<\/p>\n                            <h3>Associate M&#038;A<\/h3>\n                            <div><p>Natixis Partners Belgium est une soci\u00e9t\u00e9 de Conseil en Fusions &amp; Acquisitions (M&amp;A) de premier plan en Belgique. Nous conseillons [&hellip;]<\/p>\n<\/div>\n                            <p class=\"jobs-btn-holder\"><span class=\"job-link\">Postuler<\/span><\/p>                                \n                        <\/div><!-- jobs-content --> \n                    <\/a>    \n                <\/div> <!-- job-box -->                   \n    <\/div><!-- \/ grid-four -->  \n\n\n    <div class=\"grid-four-item jobs-grid-col sld_in_animate\">\n                <div class=\"jobs-box\">  \n                    <a href=\"https:\/\/www.natixispartners.be\/fr\/job\/investment-banking-vice-president\/\">                  \n                        <div class=\"jobs-content\">\n                             \n                            <p class=\"job-type\">VP<\/p>\n                            <h3>Vice-president M&#038;A<\/h3>\n                            <div><p>Natixis Partners Belgique est une entreprise de conseil en fusions et acquisitions (M&amp;A) de premier plan en Belgique. Nous conseillons [&hellip;]<\/p>\n<\/div>\n                            <p class=\"jobs-btn-holder\"><span class=\"job-link\">Postuler<\/span><\/p>                                \n                        <\/div><!-- jobs-content --> \n                    <\/a>    \n                <\/div> <!-- job-box -->                   \n    <\/div><!-- \/ grid-four -->  \n\n <\/div><!-- \/ list-grid -->  \n  \n","protected":false},"excerpt":{"rendered":"<p>Envie de nous rejoindre ? Dans le cadre de notre croissance, nous cherchons \u00e0 recruter des professionnels en fusions et [&hellip;]<\/p>\n","protected":false},"author":2,"featured_media":0,"parent":0,"menu_order":4,"comment_status":"closed","ping_status":"closed","template":"","meta":{"footnotes":""},"class_list":["post-3974","page","type-page","status-publish","hentry"],"_links":{"self":[{"href":"https:\/\/www.natixispartners.be\/fr\/wp-json\/wp\/v2\/pages\/3974","targetHints":{"allow":["GET"]}}],"collection":[{"href":"https:\/\/www.natixispartners.be\/fr\/wp-json\/wp\/v2\/pages"}],"about":[{"href":"https:\/\/www.natixispartners.be\/fr\/wp-json\/wp\/v2\/types\/page"}],"author":[{"embeddable":true,"href":"https:\/\/www.natixispartners.be\/fr\/wp-json\/wp\/v2\/users\/2"}],"replies":[{"embeddable":true,"href":"https:\/\/www.natixispartners.be\/fr\/wp-json\/wp\/v2\/comments?post=3974"}],"version-history":[{"count":4,"href":"https:\/\/www.natixispartners.be\/fr\/wp-json\/wp\/v2\/pages\/3974\/revisions"}],"predecessor-version":[{"id":4037,"href":"https:\/\/www.natixispartners.be\/fr\/wp-json\/wp\/v2\/pages\/3974\/revisions\/4037"}],"wp:attachment":[{"href":"https:\/\/www.natixispartners.be\/fr\/wp-json\/wp\/v2\/media?parent=3974"}],"curies":[{"name":"wp","href":"https:\/\/api.w.org\/{rel}","templated":true}]}}